{"id":122602,"date":"2025-10-23T22:40:26","date_gmt":"2025-10-23T20:40:26","guid":{"rendered":"https:\/\/wearebeston.com\/en\/product\/backpack-protect-02-forest-green\/"},"modified":"2025-12-23T16:21:26","modified_gmt":"2025-12-23T15:21:26","slug":"backpack-protect-02-forest-green","status":"publish","type":"product","link":"https:\/\/wearebeston.com\/en\/product\/backpack-protect-02-forest-green\/","title":{"rendered":"Backpack PROTECT\/02 | Forest Green"},"content":{"rendered":"<style><\/style><div class=\"descripcionpordefecto\">\n<div class='klaviyo-star-rating-widget' data-id=''><\/div>\n<\/div>\n","protected":false},"excerpt":{"rendered":"<p><strong>Backpack Fingerlock technology:<\/strong> Incluye huella dactilar con tecnolog\u00eda patentada para maximizar la seguridad en el d\u00eda a d\u00eda. Hasta 10 huellas dactilares y bater\u00eda de larga duracion (incluye cable de carga). Hecho con materiales reciclados certificados.<\/p>\n<p><img loading=\"lazy\" decoding=\"async\" class=\"alignnone size-full wp-image-110595\" src=\"https:\/\/www.wearebeston.com\/wp-content\/uploads\/2024\/10\/ZS4.jpg\" alt=\"\" width=\"560\" height=\"315\" \/><\/p>\n","protected":false},"featured_media":118564,"comment_status":"open","ping_status":"closed","template":"","meta":{"_acf_changed":false},"product_brand":[],"product_cat":[3039,3042],"product_tag":[968,1405],"class_list":{"0":"post-122602","1":"product","2":"type-product","3":"status-publish","4":"has-post-thumbnail","6":"product_cat-accessories","7":"product_cat-accessories-backpacks","8":"product_tag-can-amp-hare","9":"product_tag-ip-amp-afe","11":"first","12":"instock","13":"shipping-taxable","14":"purchasable","15":"product-type-simple"},"acf":[],"_links":{"self":[{"href":"https:\/\/wearebeston.com\/en\/wp-json\/wp\/v2\/product\/122602","targetHints":{"allow":["GET"]}}],"collection":[{"href":"https:\/\/wearebeston.com\/en\/wp-json\/wp\/v2\/product"}],"about":[{"href":"https:\/\/wearebeston.com\/en\/wp-json\/wp\/v2\/types\/product"}],"replies":[{"embeddable":true,"href":"https:\/\/wearebeston.com\/en\/wp-json\/wp\/v2\/comments?post=122602"}],"wp:featuredmedia":[{"embeddable":true,"href":"https:\/\/wearebeston.com\/en\/wp-json\/wp\/v2\/media\/118564"}],"wp:attachment":[{"href":"https:\/\/wearebeston.com\/en\/wp-json\/wp\/v2\/media?parent=122602"}],"wp:term":[{"taxonomy":"product_brand","embeddable":true,"href":"https:\/\/wearebeston.com\/en\/wp-json\/wp\/v2\/product_brand?post=122602"},{"taxonomy":"product_cat","embeddable":true,"href":"https:\/\/wearebeston.com\/en\/wp-json\/wp\/v2\/product_cat?post=122602"},{"taxonomy":"product_tag","embeddable":true,"href":"https:\/\/wearebeston.com\/en\/wp-json\/wp\/v2\/product_tag?post=122602"}],"curies":[{"name":"wp","href":"https:\/\/api.w.org\/{rel}","templated":true}]}}