{"id":45,"date":"2024-05-21T05:27:45","date_gmt":"2024-05-21T05:27:45","guid":{"rendered":"https:\/\/wearebeston.com\/en\/?page_id=45"},"modified":"2024-06-18T15:15:38","modified_gmt":"2024-06-18T13:15:38","slug":"purchase-conditions","status":"publish","type":"page","link":"https:\/\/wearebeston.com\/en\/purchase-conditions\/","title":{"rendered":"Purchase conditions"},"content":{"rendered":"<style><\/style>[vc_row type=&#8221;full_width_background&#8221; full_screen_row_position=&#8221;middle&#8221; column_margin=&#8221;default&#8221; column_direction=&#8221;default&#8221; column_direction_tablet=&#8221;default&#8221; column_direction_phone=&#8221;default&#8221; scene_position=&#8221;center&#8221; top_padding=&#8221;6%&#8221; bottom_padding=&#8221;5%&#8221; text_color=&#8221;dark&#8221; text_align=&#8221;left&#8221; row_border_radius=&#8221;none&#8221; row_border_radius_applies=&#8221;bg&#8221; overflow=&#8221;visible&#8221; id=&#8221;terminos&#8221; overlay_strength=&#8221;0.3&#8243; gradient_direction=&#8221;left_to_right&#8221; shape_divider_position=&#8221;bottom&#8221; bg_image_animation=&#8221;none&#8221; shape_type=&#8221;&#8221;][vc_column column_padding=&#8221;no-extra-padding&#8221; column_padding_tablet=&#8221;inherit&#8221; column_padding_phone=&#8221;inherit&#8221; column_padding_position=&#8221;all&#8221; column_element_direction_desktop=&#8221;default&#8221; column_element_spacing=&#8221;default&#8221; desktop_text_alignment=&#8221;default&#8221; tablet_text_alignment=&#8221;default&#8221; phone_text_alignment=&#8221;default&#8221; background_color_opacity=&#8221;1&#8243; background_hover_color_opacity=&#8221;1&#8243; column_backdrop_filter=&#8221;none&#8221; column_shadow=&#8221;none&#8221; column_border_radius=&#8221;none&#8221; column_link_target=&#8221;_self&#8221; column_position=&#8221;default&#8221; gradient_direction=&#8221;left_to_right&#8221; overlay_strength=&#8221;0.3&#8243; width=&#8221;1\/1&#8243; tablet_width_inherit=&#8221;default&#8221; animation_type=&#8221;default&#8221; bg_image_animation=&#8221;none&#8221; border_type=&#8221;simple&#8221; column_border_width=&#8221;none&#8221; column_border_style=&#8221;solid&#8221;][toggles style=&#8221;default&#8221; border_radius=&#8221;none&#8221;][toggle color=&#8221;Default&#8221; heading_tag=&#8221;default&#8221; heading_tag_functionality=&#8221;default&#8221; title=&#8221;Env\u00edo y entrega&#8221;][vc_column_text]\n<h4>Env\u00edos<\/h4>\n<p>Actualmente env\u00edamos a todo Europa.<\/p>\n[\/vc_column_text][\/toggle][toggle color=&#8221;Default&#8221; heading_tag=&#8221;default&#8221; heading_tag_functionality=&#8221;default&#8221; title=&#8221;Condiciones de compra: pol\u00edticas de cambio y devoluci\u00f3n&#8221;][vc_column_text]\n<h4>Cambios y devoluciones<\/h4>\n<p>Nuestra pol\u00edtica de devoluciones te permitir\u00e1 devolver el producto que hayas comprado en un plazo de 14 d\u00edas desde que recibiste el producto, seg\u00fan el n\u00famero de seguimiento que te hemos enviado. Si ha pasado un plazo superior a 14 d\u00edas desde que recibiste el producto, no podremos devolver el importe que hayas pagado o reemplazarlo por otro producto.<\/p>\n<p>Para procesar correctamente la devoluci\u00f3n, el producto deber\u00e1 estar tal y como lo recibiste, sin ning\u00fan tipo de da\u00f1o o signo de uso y en su packaging original. Una vez recibamos el producto y lo analicemos, te enviaremos un email de confirmaci\u00f3n.<\/p>\n<p>Para empezar con el proceso de devoluci\u00f3n, deber\u00e1s contactar a trav\u00e9s de\u00a0<a href=\"https:\/\/test.wearebeston.com\/\">www.wearebeston.com<\/a>\u00a0o enviarnos un email a\u00a0\u00a0<a href=\"mailto:info@wearebeston.com\">info@wearebeston.com<\/a>\u00a0con la informaci\u00f3n que te mencionamos a continuaci\u00f3n. Una vez nos env\u00edes el email con toda la informaci\u00f3n, en los siguientes 3 d\u00edas recibir\u00e1s una respuesta por parte de nuestro equipo. La informaci\u00f3n que necesitaremos es la siguiente:<\/p>\n<ul>\n<li>Nombre y apellidos<\/li>\n<li>Informaci\u00f3n de contacto: Tel\u00e9fono y email.<\/li>\n<li>N\u00famero de pedido<\/li>\n<li>Raz\u00f3n de la devoluci\u00f3n<\/li>\n<li>Explicarnos si quieres una devoluci\u00f3n o un reemplazo. En caso de que sea un reemplazo, incluir la talla, color y g\u00e9nero.<\/li>\n<\/ul>\n<p>Para el procesamiento de la devoluci\u00f3n, en caso de reembolso, llevaremos a cabo la devoluci\u00f3n del importe pagado a tu cuenta o m\u00e9todo de pago original. En caso de reemplazo, volveremos a enviarte el producto que nos hayas solicitado.<\/p>\n<p>Los coses de env\u00edo de la devoluci\u00f3n deber\u00e1n ser abonados por el comprador independientemente de si es para una devoluci\u00f3n o reemplazo.[\/vc_column_text][\/toggle][toggle color=&#8221;Default&#8221; heading_tag=&#8221;default&#8221; heading_tag_functionality=&#8221;default&#8221; title=&#8221;Legal, privacidad y cookies&#8221;][vc_column_text]\n<ul>\n<li><a href=\"\/aviso-legal\">Aviso legal<\/a><\/li>\n<li><a href=\"\/politica-de-privacidad\">Pol\u00edtica de privacidad<\/a><\/li>\n<li><a href=\"\/politica-de-cookies\">Pol\u00edtica de cookies<\/a><\/li>\n<\/ul>\n[\/vc_column_text][\/toggle][toggle color=&#8221;Default&#8221; heading_tag=&#8221;default&#8221; heading_tag_functionality=&#8221;default&#8221; title=&#8221;Garant\u00eda&#8221;][vc_column_text][\/vc_column_text][\/toggle][toggle color=&#8221;Default&#8221; heading_tag=&#8221;default&#8221; heading_tag_functionality=&#8221;default&#8221; title=&#8221;M\u00e9todos de pago&#8221;][vc_column_text][\/vc_column_text][\/toggle][\/toggles][\/vc_column][\/vc_row]\n","protected":false},"excerpt":{"rendered":"<p>[vc_row type=&#8221;full_width_background&#8221; full_screen_row_position=&#8221;middle&#8221; column_margin=&#8221;default&#8221; column_direction=&#8221;default&#8221; column_direction_tablet=&#8221;default&#8221; column_direction_phone=&#8221;default&#8221; scene_position=&#8221;center&#8221; top_padding=&#8221;6%&#8221; bottom_padding=&#8221;5%&#8221; text_color=&#8221;dark&#8221; text_align=&#8221;left&#8221; row_border_radius=&#8221;none&#8221; row_border_radius_applies=&#8221;bg&#8221; overflow=&#8221;visible&#8221; id=&#8221;terminos&#8221; overlay_strength=&#8221;0.3&#8243; gradient_direction=&#8221;left_to_right&#8221; shape_divider_position=&#8221;bottom&#8221; bg_image_animation=&#8221;none&#8221; shape_type=&#8221;&#8221;][vc_column column_padding=&#8221;no-extra-padding&#8221; column_padding_tablet=&#8221;inherit&#8221; column_padding_phone=&#8221;inherit&#8221; column_padding_position=&#8221;all&#8221; column_element_direction_desktop=&#8221;default&#8221; column_element_spacing=&#8221;default&#8221; desktop_text_alignment=&#8221;default&#8221; tablet_text_alignment=&#8221;default&#8221; phone_text_alignment=&#8221;default&#8221;&#8230;<\/p>\n","protected":false},"author":1,"featured_media":0,"parent":0,"menu_order":0,"comment_status":"closed","ping_status":"closed","template":"","meta":{"_acf_changed":false,"footnotes":""},"class_list":["post-45","page","type-page","status-publish"],"acf":[],"_links":{"self":[{"href":"https:\/\/wearebeston.com\/en\/wp-json\/wp\/v2\/pages\/45","targetHints":{"allow":["GET"]}}],"collection":[{"href":"https:\/\/wearebeston.com\/en\/wp-json\/wp\/v2\/pages"}],"about":[{"href":"https:\/\/wearebeston.com\/en\/wp-json\/wp\/v2\/types\/page"}],"author":[{"embeddable":true,"href":"https:\/\/wearebeston.com\/en\/wp-json\/wp\/v2\/users\/1"}],"replies":[{"embeddable":true,"href":"https:\/\/wearebeston.com\/en\/wp-json\/wp\/v2\/comments?post=45"}],"version-history":[{"count":0,"href":"https:\/\/wearebeston.com\/en\/wp-json\/wp\/v2\/pages\/45\/revisions"}],"wp:attachment":[{"href":"https:\/\/wearebeston.com\/en\/wp-json\/wp\/v2\/media?parent=45"}],"curies":[{"name":"wp","href":"https:\/\/api.w.org\/{rel}","templated":true}]}}